{"id":69382,"date":"2021-01-05T12:19:05","date_gmt":"2021-01-05T11:19:05","guid":{"rendered":"https:\/\/autoglassclinic.be\/garages\/"},"modified":"2026-01-08T10:58:24","modified_gmt":"2026-01-08T09:58:24","slug":"service-center","status":"publish","type":"page","link":"https:\/\/autoglassclinic.be\/de\/service-center\/","title":{"rendered":"Unsere Service-Center"},"content":{"rendered":"","protected":false},"excerpt":{"rendered":"","protected":false},"author":1,"featured_media":0,"parent":0,"menu_order":0,"comment_status":"closed","ping_status":"closed","template":"page-templates\/centers.php","meta":{"_acf_changed":false,"footnotes":""},"acf":[],"yoast_head":"<!-- This site is optimized with the Yoast SEO plugin v16.0.2 - https:\/\/yoast.com\/wordpress\/plugins\/seo\/ -->\n<title>Autoglass Clinic | Finden Sie ein Service-Center in Ihrer N\u00e4he!<\/title>\n<meta name=\"description\" content=\"Autoglass Clinic verf\u00fcgt \u00fcber Service-Center in ganz Belgien. Finden Sie jetzt das n\u00e4chste Service-Center in Ihrer N\u00e4he!\" \/>\n<link rel=\"canonical\" href=\"https:\/\/autoglassclinic.be\/de\/service-center\/\" \/>\n<meta property=\"og:locale\" content=\"de_DE\" \/>\n<meta property=\"og:type\" content=\"article\" \/>\n<meta property=\"og:title\" content=\"Autoglass Clinic | Finden Sie ein Service-Center in Ihrer N\u00e4he!\" \/>\n<meta property=\"og:description\" content=\"Autoglass Clinic verf\u00fcgt \u00fcber Service-Center in ganz Belgien. Finden Sie jetzt das n\u00e4chste Service-Center in Ihrer N\u00e4he!\" \/>\n<meta property=\"og:url\" content=\"https:\/\/autoglassclinic.be\/de\/service-center\/\" \/>\n<meta property=\"og:site_name\" content=\"Autoglass Clinic\" \/>\n<meta property=\"article:modified_time\" content=\"2026-01-08T09:58:24+00:00\" \/>\n<meta name=\"twitter:card\" content=\"summary_large_image\" \/>\n<script type=\"application\/ld+json\" class=\"yoast-schema-graph\">{\"@context\":\"https:\/\/schema.org\",\"@graph\":[{\"@type\":\"WebSite\",\"@id\":\"https:\/\/autoglassclinic.be\/nl\/#website\",\"url\":\"https:\/\/autoglassclinic.be\/nl\/\",\"name\":\"Autoglass Clinic\",\"description\":\"\",\"potentialAction\":[{\"@type\":\"SearchAction\",\"target\":\"https:\/\/autoglassclinic.be\/nl\/?s={search_term_string}\",\"query-input\":\"required name=search_term_string\"}],\"inLanguage\":\"de-DE\"},{\"@type\":\"WebPage\",\"@id\":\"https:\/\/autoglassclinic.be\/de\/service-center\/#webpage\",\"url\":\"https:\/\/autoglassclinic.be\/de\/service-center\/\",\"name\":\"Autoglass Clinic | Finden Sie ein Service-Center in Ihrer N\\u00e4he!\",\"isPartOf\":{\"@id\":\"https:\/\/autoglassclinic.be\/nl\/#website\"},\"datePublished\":\"2021-01-05T11:19:05+00:00\",\"dateModified\":\"2026-01-08T09:58:24+00:00\",\"description\":\"Autoglass Clinic verf\\u00fcgt \\u00fcber Service-Center in ganz Belgien. Finden Sie jetzt das n\\u00e4chste Service-Center in Ihrer N\\u00e4he!\",\"breadcrumb\":{\"@id\":\"https:\/\/autoglassclinic.be\/de\/service-center\/#breadcrumb\"},\"inLanguage\":\"de-DE\",\"potentialAction\":[{\"@type\":\"ReadAction\",\"target\":[\"https:\/\/autoglassclinic.be\/de\/service-center\/\"]}]},{\"@type\":\"BreadcrumbList\",\"@id\":\"https:\/\/autoglassclinic.be\/de\/service-center\/#breadcrumb\",\"itemListElement\":[{\"@type\":\"ListItem\",\"position\":1,\"item\":{\"@type\":\"WebPage\",\"@id\":\"https:\/\/autoglassclinic.be\/de\/\",\"url\":\"https:\/\/autoglassclinic.be\/de\/\",\"name\":\"Accueil\"}},{\"@type\":\"ListItem\",\"position\":2,\"item\":{\"@type\":\"WebPage\",\"@id\":\"https:\/\/autoglassclinic.be\/de\/service-center\/\",\"url\":\"https:\/\/autoglassclinic.be\/de\/service-center\/\",\"name\":\"Unsere Service-Center\"}}]}]}<\/script>\n<!-- \/ Yoast SEO plugin. -->","_links":{"self":[{"href":"https:\/\/autoglassclinic.be\/de\/wp-json\/wp\/v2\/pages\/69382"}],"collection":[{"href":"https:\/\/autoglassclinic.be\/de\/wp-json\/wp\/v2\/pages"}],"about":[{"href":"https:\/\/autoglassclinic.be\/de\/wp-json\/wp\/v2\/types\/page"}],"author":[{"embeddable":true,"href":"https:\/\/autoglassclinic.be\/de\/wp-json\/wp\/v2\/users\/1"}],"replies":[{"embeddable":true,"href":"https:\/\/autoglassclinic.be\/de\/wp-json\/wp\/v2\/comments?post=69382"}],"version-history":[{"count":3,"href":"https:\/\/autoglassclinic.be\/de\/wp-json\/wp\/v2\/pages\/69382\/revisions"}],"predecessor-version":[{"id":69821,"href":"https:\/\/autoglassclinic.be\/de\/wp-json\/wp\/v2\/pages\/69382\/revisions\/69821"}],"wp:attachment":[{"href":"https:\/\/autoglassclinic.be\/de\/wp-json\/wp\/v2\/media?parent=69382"}],"curies":[{"name":"wp","href":"https:\/\/api.w.org\/{rel}","templated":true}]}}