{"id":69470,"date":"2023-07-28T11:00:05","date_gmt":"2023-07-28T09:00:05","guid":{"rendered":"https:\/\/autoglassclinic.be\/cookie-policy\/"},"modified":"2026-01-06T11:40:24","modified_gmt":"2026-01-06T10:40:24","slug":"cookie-richtlinie","status":"publish","type":"page","link":"https:\/\/autoglassclinic.be\/de\/cookie-richtlinie\/","title":{"rendered":"Cookie-Richtlinie"},"content":{"rendered":"\n<h2 class=\"wp-block-heading\"><strong><strong>Verwendung von Cookies<\/strong><\/strong><\/h2>\n\n\n\n<p>Unsere Website verwendet Cookies, um ihre Nutzung zu vereinfachen und die Navigation zu verbessern. Cookies sind kleine, harmlose Computerdateien, die auf der Festplatte Ihres Computers gespeichert werden, damit unsere Websites Sie erkennen und den Inhalt der Website und unserer E-Mails an Ihre Pr\u00e4ferenzen anpassen k\u00f6nnen (z. B. damit Sie nicht bei jedem Besuch der Website die Sprache neu ausw\u00e4hlen m\u00fcssen).<\/p>\n\n\n\n<p>Wenn Sie nicht m\u00f6chten, dass unsere Websites Cookies auf der Festplatte Ihres Computers ablegen, k\u00f6nnen Sie die Einstellungen Ihres Computers entsprechend anpassen. In diesem Fall sind bestimmte Funktionen unserer Websites m\u00f6glicherweise weniger gut zug\u00e4nglich.<\/p>\n\n\n\n<p>Es ist m\u00f6glich, Cookies einzuschr\u00e4nken oder zu blockieren und sogar Cookies von Ihrem Ger\u00e4t zu l\u00f6schen. Wenn Sie dies tun, kann es sein, dass Sie auf bestimmte Teile unserer Website nicht mehr zugreifen k\u00f6nnen.<\/p>\n\n\n\n<p>Sie k\u00f6nnen Cookies auch einschr\u00e4nken oder blockieren, indem Sie Ihre Browsereinstellungen \u00e4ndern. Wie Sie Ihre Cookie-Einstellungen verwalten k\u00f6nnen, erfahren Sie in den Informationen hierzu im Hilfebereich Ihres Browsers.<\/p>\n\n\n\n<p>Chrome: <strong><a href=\"https:\/\/support.google.com\/chrome\/answer\/95647?hl=fr\">https:\/\/support.google.com\/chrome\/answer\/95647?hl=de<\/a><\/strong><br>Edge: <strong><a href=\"https:\/\/support.microsoft.com\/fr-fr\/microsoft-edge\/supprimer-les-cookies-dans-microsoft-edge-63947406-40ac-c3b8-57b9-2a946a29ae09\">https:\/\/support.microsoft.com\/de-de\/windows\/verwalten-von-cookies-in-microsoft-edge-anzeigen-zulassen-blockieren-l%C3%B6schen-und-verwenden-168dab11-0753-043d-7c16-ede5947fc64d<\/a><\/strong><br>Safari: <strong><a href=\"https:\/\/support.apple.com\/fr-be\/HT201265\">https:\/\/support.apple.com\/de-de\/105082<\/a><\/strong><br>Firefox: <strong><a href=\"https:\/\/support.mozilla.org\/fr\/kb\/activer-desactiver-cookies-preferences\">https:\/\/support.mozilla.org\/de\/kb\/verbesserter-schutz-aktivitatenverfolgung-desktop?redirectslug=activer-desactiver-cookies-preferences&amp;redirectlocale=fr<\/a><\/strong><br>Opera: <strong><a href=\"http:\/\/www.opera.com\/help\/tutorials\/security\/cookies\">https:\/\/help.opera.com\/de\/latest\/web-preferences\/<\/a><\/strong><\/p>\n\n\n\n<p><strong><strong>Welche Arten von Cookies gibt es und wozu dienen sie?<\/strong><\/strong><\/p>\n\n\n\n<p>Die von uns verwendeten Cookies lassen sich in vier Kategorien einteilen:<\/p>\n\n\n\n<ol>\n<li><strong>Essentielle Cookies<\/strong><br>Essentielle Cookies sind Cookies, die f\u00fcr das Funktionieren einer Website notwendig sind. Sie sorgen daf\u00fcr, dass grundlegende Funktionen wie Seitennavigation, Sicherheit und Ladezeit funktionieren k\u00f6nnen.<\/li>\n\n\n\n<li><strong>Funktionale Cookies<\/strong><br>Funktionale Cookies sind Cookies, die Informationen \u00fcber Ihre Auswahl und Vorlieben auf einer Website speichern. Sie merken sich z. B. Ihre Sprachwahl, Ihre Anmeldedaten oder die Region, in der Sie leben.<\/li>\n\n\n\n<li><strong>Analytische Cookies<\/strong><br>Analytische Cookies sammeln Informationen \u00fcber das Verhalten der Besucher der Website und die Leistung der Website. Die Website kann auf der Grundlage der Ergebnisse verbessert werden und die Besucher erhalten ein besseres Nutzungserlebnis.<\/li>\n\n\n\n<li><strong>Marketing-Cookies<\/strong><br>Marketing-Cookies verfolgen das Surfverhalten von Website-Besuchern und erstellen auf dieser Grundlage ein Nutzerprofil. Dieses Profil wird verwendet, um das Surferlebnis zu personalisieren und z. B. personalisierte Angebote, Werbung, Newsletter und andere Elemente anzuzeigen, die Ihren Interessen entsprechen.<\/li>\n<\/ol>\n","protected":false},"excerpt":{"rendered":"<p>Verwendung von Cookies Unsere Website verwendet Cookies, um ihre Nutzung zu vereinfachen und die Navigation zu verbessern. Cookies sind kleine, harmlose Computerdateien, die auf der Festplatte Ihres Computers gespeichert werden, damit unsere Websites Sie erkennen und den Inhalt der Website und unserer E-Mails an Ihre Pr\u00e4ferenzen anpassen k\u00f6nnen (z. B. damit Sie nicht bei jedem [&hellip;]<\/p>\n","protected":false},"author":1,"featured_media":0,"parent":0,"menu_order":0,"comment_status":"closed","ping_status":"closed","template":"","meta":{"_acf_changed":false,"footnotes":""},"acf":[],"yoast_head":"<!-- This site is optimized with the Yoast SEO plugin v16.0.2 - https:\/\/yoast.com\/wordpress\/plugins\/seo\/ -->\n<title>Cookie-Richtlinie | Autoglass Clinic<\/title>\n<link rel=\"canonical\" href=\"https:\/\/autoglassclinic.be\/de\/cookie-richtlinie\/\" \/>\n<meta property=\"og:locale\" content=\"de_DE\" \/>\n<meta property=\"og:type\" content=\"article\" \/>\n<meta property=\"og:title\" content=\"Cookie-Richtlinie | Autoglass Clinic\" \/>\n<meta property=\"og:description\" content=\"Verwendung von Cookies Unsere Website verwendet Cookies, um ihre Nutzung zu vereinfachen und die Navigation zu verbessern. Cookies sind kleine, harmlose Computerdateien, die auf der Festplatte Ihres Computers gespeichert werden, damit unsere Websites Sie erkennen und den Inhalt der Website und unserer E-Mails an Ihre Pr\u00e4ferenzen anpassen k\u00f6nnen (z. B. damit Sie nicht bei jedem [&hellip;]\" \/>\n<meta property=\"og:url\" content=\"https:\/\/autoglassclinic.be\/de\/cookie-richtlinie\/\" \/>\n<meta property=\"og:site_name\" content=\"Autoglass Clinic\" \/>\n<meta property=\"article:modified_time\" content=\"2026-01-06T10:40:24+00:00\" \/>\n<meta name=\"twitter:card\" content=\"summary_large_image\" \/>\n<meta name=\"twitter:label1\" content=\"Gesch\u00e4tzte Lesezeit\">\n\t<meta name=\"twitter:data1\" content=\"2 Minuten\">\n<script type=\"application\/ld+json\" class=\"yoast-schema-graph\">{\"@context\":\"https:\/\/schema.org\",\"@graph\":[{\"@type\":\"WebSite\",\"@id\":\"https:\/\/autoglassclinic.be\/nl\/#website\",\"url\":\"https:\/\/autoglassclinic.be\/nl\/\",\"name\":\"Autoglass Clinic\",\"description\":\"\",\"potentialAction\":[{\"@type\":\"SearchAction\",\"target\":\"https:\/\/autoglassclinic.be\/nl\/?s={search_term_string}\",\"query-input\":\"required name=search_term_string\"}],\"inLanguage\":\"de-DE\"},{\"@type\":\"WebPage\",\"@id\":\"https:\/\/autoglassclinic.be\/de\/cookie-richtlinie\/#webpage\",\"url\":\"https:\/\/autoglassclinic.be\/de\/cookie-richtlinie\/\",\"name\":\"Cookie-Richtlinie | Autoglass Clinic\",\"isPartOf\":{\"@id\":\"https:\/\/autoglassclinic.be\/nl\/#website\"},\"datePublished\":\"2023-07-28T09:00:05+00:00\",\"dateModified\":\"2026-01-06T10:40:24+00:00\",\"breadcrumb\":{\"@id\":\"https:\/\/autoglassclinic.be\/de\/cookie-richtlinie\/#breadcrumb\"},\"inLanguage\":\"de-DE\",\"potentialAction\":[{\"@type\":\"ReadAction\",\"target\":[\"https:\/\/autoglassclinic.be\/de\/cookie-richtlinie\/\"]}]},{\"@type\":\"BreadcrumbList\",\"@id\":\"https:\/\/autoglassclinic.be\/de\/cookie-richtlinie\/#breadcrumb\",\"itemListElement\":[{\"@type\":\"ListItem\",\"position\":1,\"item\":{\"@type\":\"WebPage\",\"@id\":\"https:\/\/autoglassclinic.be\/de\/\",\"url\":\"https:\/\/autoglassclinic.be\/de\/\",\"name\":\"Accueil\"}},{\"@type\":\"ListItem\",\"position\":2,\"item\":{\"@type\":\"WebPage\",\"@id\":\"https:\/\/autoglassclinic.be\/de\/cookie-richtlinie\/\",\"url\":\"https:\/\/autoglassclinic.be\/de\/cookie-richtlinie\/\",\"name\":\"Cookie-Richtlinie\"}}]}]}<\/script>\n<!-- \/ Yoast SEO plugin. -->","_links":{"self":[{"href":"https:\/\/autoglassclinic.be\/de\/wp-json\/wp\/v2\/pages\/69470"}],"collection":[{"href":"https:\/\/autoglassclinic.be\/de\/wp-json\/wp\/v2\/pages"}],"about":[{"href":"https:\/\/autoglassclinic.be\/de\/wp-json\/wp\/v2\/types\/page"}],"author":[{"embeddable":true,"href":"https:\/\/autoglassclinic.be\/de\/wp-json\/wp\/v2\/users\/1"}],"replies":[{"embeddable":true,"href":"https:\/\/autoglassclinic.be\/de\/wp-json\/wp\/v2\/comments?post=69470"}],"version-history":[{"count":1,"href":"https:\/\/autoglassclinic.be\/de\/wp-json\/wp\/v2\/pages\/69470\/revisions"}],"predecessor-version":[{"id":69473,"href":"https:\/\/autoglassclinic.be\/de\/wp-json\/wp\/v2\/pages\/69470\/revisions\/69473"}],"wp:attachment":[{"href":"https:\/\/autoglassclinic.be\/de\/wp-json\/wp\/v2\/media?parent=69470"}],"curies":[{"name":"wp","href":"https:\/\/api.w.org\/{rel}","templated":true}]}}