{"id":69655,"date":"2021-01-08T11:04:53","date_gmt":"2021-01-08T10:04:53","guid":{"rendered":"https:\/\/autoglassclinic.be\/prise-de-rendez-vous\/"},"modified":"2026-01-08T12:13:14","modified_gmt":"2026-01-08T11:13:14","slug":"terminvereinbarung","status":"publish","type":"page","link":"https:\/\/autoglassclinic.be\/de\/terminvereinbarung\/","title":{"rendered":"Terminvereinbarung"},"content":{"rendered":"","protected":false},"excerpt":{"rendered":"","protected":false},"author":1,"featured_media":0,"parent":0,"menu_order":0,"comment_status":"closed","ping_status":"closed","template":"page-templates\/funnel.php","meta":{"_acf_changed":false,"footnotes":""},"acf":[],"yoast_head":"<!-- This site is optimized with the Yoast SEO plugin v16.0.2 - https:\/\/yoast.com\/wordpress\/plugins\/seo\/ -->\n<title>Autoglass Clinic | Vereinbaren Sie einen Termin bei Autoglass Clinic in nur 5 Minuten!<\/title>\n<meta name=\"description\" content=\"Eine Schlagstelle oder ein Riss? Autoglass Clinic repariert oder ersetzt alle Ihre Autoscheiben. Vereinbaren Sie online mit nur wenigen Klicks einen Termin! Scheibe besch\u00e4digt? Vereinbaren Sie online einen Termin in einem Service-Center in Ihrer N\u00e4he. F\u00fcr einen mobilen Einsatz k\u00f6nnen wir auch zu Ihnen nach Hause kommen.\" \/>\n<link rel=\"canonical\" href=\"https:\/\/autoglassclinic.be\/de\/terminvereinbarung\/\" \/>\n<meta property=\"og:locale\" content=\"de_DE\" \/>\n<meta property=\"og:type\" content=\"article\" \/>\n<meta property=\"og:title\" content=\"Autoglass Clinic | Vereinbaren Sie einen Termin bei Autoglass Clinic in nur 5 Minuten!\" \/>\n<meta property=\"og:description\" content=\"Eine Schlagstelle oder ein Riss? Autoglass Clinic repariert oder ersetzt alle Ihre Autoscheiben. Vereinbaren Sie online mit nur wenigen Klicks einen Termin! Scheibe besch\u00e4digt? Vereinbaren Sie online einen Termin in einem Service-Center in Ihrer N\u00e4he. F\u00fcr einen mobilen Einsatz k\u00f6nnen wir auch zu Ihnen nach Hause kommen.\" \/>\n<meta property=\"og:url\" content=\"https:\/\/autoglassclinic.be\/de\/terminvereinbarung\/\" \/>\n<meta property=\"og:site_name\" content=\"Autoglass Clinic\" \/>\n<meta property=\"article:modified_time\" content=\"2026-01-08T11:13:14+00:00\" \/>\n<meta name=\"twitter:card\" content=\"summary_large_image\" \/>\n<script type=\"application\/ld+json\" class=\"yoast-schema-graph\">{\"@context\":\"https:\/\/schema.org\",\"@graph\":[{\"@type\":\"WebSite\",\"@id\":\"https:\/\/autoglassclinic.be\/nl\/#website\",\"url\":\"https:\/\/autoglassclinic.be\/nl\/\",\"name\":\"Autoglass Clinic\",\"description\":\"\",\"potentialAction\":[{\"@type\":\"SearchAction\",\"target\":\"https:\/\/autoglassclinic.be\/nl\/?s={search_term_string}\",\"query-input\":\"required name=search_term_string\"}],\"inLanguage\":\"de-DE\"},{\"@type\":\"WebPage\",\"@id\":\"https:\/\/autoglassclinic.be\/de\/terminvereinbarung\/#webpage\",\"url\":\"https:\/\/autoglassclinic.be\/de\/terminvereinbarung\/\",\"name\":\"Autoglass Clinic | Vereinbaren Sie einen Termin bei Autoglass Clinic in nur 5 Minuten!\",\"isPartOf\":{\"@id\":\"https:\/\/autoglassclinic.be\/nl\/#website\"},\"datePublished\":\"2021-01-08T10:04:53+00:00\",\"dateModified\":\"2026-01-08T11:13:14+00:00\",\"description\":\"Eine Schlagstelle oder ein Riss? Autoglass Clinic repariert oder ersetzt alle Ihre Autoscheiben. Vereinbaren Sie online mit nur wenigen Klicks einen Termin! Scheibe besch\\u00e4digt? Vereinbaren Sie online einen Termin in einem Service-Center in Ihrer N\\u00e4he. F\\u00fcr einen mobilen Einsatz k\\u00f6nnen wir auch zu Ihnen nach Hause kommen.\",\"breadcrumb\":{\"@id\":\"https:\/\/autoglassclinic.be\/de\/terminvereinbarung\/#breadcrumb\"},\"inLanguage\":\"de-DE\",\"potentialAction\":[{\"@type\":\"ReadAction\",\"target\":[\"https:\/\/autoglassclinic.be\/de\/terminvereinbarung\/\"]}]},{\"@type\":\"BreadcrumbList\",\"@id\":\"https:\/\/autoglassclinic.be\/de\/terminvereinbarung\/#breadcrumb\",\"itemListElement\":[{\"@type\":\"ListItem\",\"position\":1,\"item\":{\"@type\":\"WebPage\",\"@id\":\"https:\/\/autoglassclinic.be\/de\/\",\"url\":\"https:\/\/autoglassclinic.be\/de\/\",\"name\":\"Accueil\"}},{\"@type\":\"ListItem\",\"position\":2,\"item\":{\"@type\":\"WebPage\",\"@id\":\"https:\/\/autoglassclinic.be\/de\/terminvereinbarung\/\",\"url\":\"https:\/\/autoglassclinic.be\/de\/terminvereinbarung\/\",\"name\":\"Terminvereinbarung\"}}]}]}<\/script>\n<!-- \/ Yoast SEO plugin. -->","_links":{"self":[{"href":"https:\/\/autoglassclinic.be\/de\/wp-json\/wp\/v2\/pages\/69655"}],"collection":[{"href":"https:\/\/autoglassclinic.be\/de\/wp-json\/wp\/v2\/pages"}],"about":[{"href":"https:\/\/autoglassclinic.be\/de\/wp-json\/wp\/v2\/types\/page"}],"author":[{"embeddable":true,"href":"https:\/\/autoglassclinic.be\/de\/wp-json\/wp\/v2\/users\/1"}],"replies":[{"embeddable":true,"href":"https:\/\/autoglassclinic.be\/de\/wp-json\/wp\/v2\/comments?post=69655"}],"version-history":[{"count":3,"href":"https:\/\/autoglassclinic.be\/de\/wp-json\/wp\/v2\/pages\/69655\/revisions"}],"predecessor-version":[{"id":69831,"href":"https:\/\/autoglassclinic.be\/de\/wp-json\/wp\/v2\/pages\/69655\/revisions\/69831"}],"wp:attachment":[{"href":"https:\/\/autoglassclinic.be\/de\/wp-json\/wp\/v2\/media?parent=69655"}],"curies":[{"name":"wp","href":"https:\/\/api.w.org\/{rel}","templated":true}]}}