{"id":20332,"date":"2023-07-28T11:00:05","date_gmt":"2023-07-28T09:00:05","guid":{"rendered":"https:\/\/www.touringglass.be\/cookiebeleid\/"},"modified":"2023-11-10T13:28:28","modified_gmt":"2023-11-10T12:28:28","slug":"cookie-policy","status":"publish","type":"page","link":"https:\/\/autoglassclinic.be\/fr\/cookie-policy\/","title":{"rendered":"Politique Cookies"},"content":{"rendered":"\n<h2 class=\"wp-block-heading\"><strong>Utilisation de cookies<\/strong><\/h2>\n\n\n\n<p>Notre site web utilise des cookies afin de faciliter son utilisation et d\u2019am\u00e9liorer la navigation. Les cookies sont de petits fichiers informatiques inoffensifs qui sont plac\u00e9s sur le disque de votre ordinateur pour permettre \u00e0 nos sites web de vous reconna\u00eetre et d&rsquo;adapter le contenu du site web et de nos e-mails \u00e0 vos pr\u00e9f\u00e9rences (par exemple, pour \u00e9viter d&rsquo;avoir \u00e0 indiquer un choix de langue \u00e0 chaque visite du site).<\/p>\n\n\n\n<p>Si vous ne souhaitez pas que nos sites web placent des cookies sur le disque de votre ordinateur, vous pouvez ajuster les param\u00e8tres de votre ordinateur. Dans ce cas, certaines fonctionnalit\u00e9s de nos sites web pourraient \u00eatre moins accessibles.<\/p>\n\n\n\n<p>Il est possible de restreindre ou de bloquer les cookies, et m\u00eame de supprimer des cookies de votre appareil. Si vous faites cela, il se peut que vous n\u2019ayez plus acc\u00e8s \u00e0 certaines parties de notre site web.<\/p>\n\n\n\n<p>Vous pouvez \u00e9galement restreindre ou bloquer les cookies en modifiant vos param\u00e8tres de navigation. Vous pouvez consulter les informations \u00e0 ce sujet dans la rubrique d&rsquo;aide de votre navigateur pour savoir comment g\u00e9rer vos param\u00e8tres de cookies.<\/p>\n\n\n\n<p>Chrome: <strong><a href=\"https:\/\/support.google.com\/chrome\/answer\/95647?hl=fr\">https:\/\/support.google.com\/chrome\/answer\/95647?hl=fr<\/a><\/strong><br>Edge: <strong><a href=\"https:\/\/support.microsoft.com\/fr-fr\/microsoft-edge\/supprimer-les-cookies-dans-microsoft-edge-63947406-40ac-c3b8-57b9-2a946a29ae09\">https:\/\/support.microsoft.com\/fr-fr\/microsoft-edge\/supprimer-les-cookies-dans-microsoft-edge-63947406-40ac-c3b8-57b9-2a946a29ae09<\/a><\/strong><br>Safari: <strong><a href=\"https:\/\/support.apple.com\/fr-be\/HT201265\">https:\/\/support.apple.com\/fr-be\/HT201265<\/a><\/strong><br>Firefox: <strong><a href=\"https:\/\/support.mozilla.org\/fr\/kb\/activer-desactiver-cookies-preferences\">https:\/\/support.mozilla.org\/fr\/kb\/activer-desactiver-cookies-preferences<\/a><\/strong><br>Opera: <strong><a href=\"http:\/\/www.opera.com\/help\/tutorials\/security\/cookies\">http:\/\/www.opera.com\/help\/tutorials\/security\/cookies<\/a><\/strong><\/p>\n\n\n\n<p><strong>Quels types de cookies existent-ils et \u00e0 quoi servent-ils ?<\/strong><\/p>\n\n\n\n<p>Les cookies que nous utilisons peuvent \u00eatre class\u00e9s en quatre cat\u00e9gories:<\/p>\n\n\n\n<ol><li><strong>Cookies essentiels<\/strong><br>Les cookies essentiels sont des cookies n\u00e9cessaires au fonctionnement d&rsquo;un site web. Ils veillent \u00e0 ce que des fonctions de base telles que la navigation sur les pages, la s\u00e9curit\u00e9 et le temps de chargement puissent fonctionner.<\/li><li><strong>Cookies fonctionnels<\/strong><br>Les cookies fonctionnels sont des cookies qui enregistrent des informations sur vos choix et pr\u00e9f\u00e9rences sur un site web. Ils m\u00e9morisent, par exemple, votre choix de langue, vos donn\u00e9es de connexion ou la r\u00e9gion dans laquelle vous vivez.<\/li><li><strong>Cookies analytiques<\/strong><br>Les cookies analytiques collectent des informations sur le comportement des visiteurs du site web et les performances du site web. Le site web peut \u00eatre am\u00e9lior\u00e9 sur la base des r\u00e9sultats et les visiteurs obtiennent une meilleure exp\u00e9rience d\u2019utilisation.<\/li><li><strong>Marketing cookies<\/strong><br>Les cookies de marketing suivent le comportement de navigation des visiteurs de site web et composent sur cette base un profil d\u2019utilisateur. Ce profil est utilis\u00e9 pour personnaliser l\u2019exp\u00e9rience de navigation et pour, par exemple, afficher des offres personnalis\u00e9es, des publicit\u00e9s, des newsletters et d\u2019 autres \u00e9l\u00e9ments correspondants \u00e0 vos centres d\u2019int\u00e9r\u00eats.<\/li><\/ol>\n","protected":false},"excerpt":{"rendered":"<p>Utilisation de cookies Notre site web utilise des cookies afin de faciliter son utilisation et d\u2019am\u00e9liorer la navigation. Les cookies sont de petits fichiers informatiques inoffensifs qui sont plac\u00e9s sur le disque de votre ordinateur pour permettre \u00e0 nos sites web de vous reconna\u00eetre et d&rsquo;adapter le contenu du site web et de nos e-mails [&hellip;]<\/p>\n","protected":false},"author":1,"featured_media":0,"parent":0,"menu_order":0,"comment_status":"closed","ping_status":"closed","template":"","meta":{"_acf_changed":false,"footnotes":""},"acf":[],"yoast_head":"<!-- This site is optimized with the Yoast SEO plugin v16.0.2 - https:\/\/yoast.com\/wordpress\/plugins\/seo\/ -->\n<title>Politique Cookies | Autoglass Clinic<\/title>\n<link rel=\"canonical\" href=\"https:\/\/autoglassclinic.be\/fr\/cookie-policy\/\" \/>\n<meta property=\"og:locale\" content=\"fr_FR\" \/>\n<meta property=\"og:type\" content=\"article\" \/>\n<meta property=\"og:title\" content=\"Politique Cookies | Autoglass Clinic\" \/>\n<meta property=\"og:description\" content=\"Utilisation de cookies Notre site web utilise des cookies afin de faciliter son utilisation et d\u2019am\u00e9liorer la navigation. Les cookies sont de petits fichiers informatiques inoffensifs qui sont plac\u00e9s sur le disque de votre ordinateur pour permettre \u00e0 nos sites web de vous reconna\u00eetre et d&rsquo;adapter le contenu du site web et de nos e-mails [&hellip;]\" \/>\n<meta property=\"og:url\" content=\"https:\/\/autoglassclinic.be\/fr\/cookie-policy\/\" \/>\n<meta property=\"og:site_name\" content=\"Autoglass Clinic\" \/>\n<meta property=\"article:modified_time\" content=\"2023-11-10T12:28:28+00:00\" \/>\n<meta name=\"twitter:card\" content=\"summary_large_image\" \/>\n<meta name=\"twitter:label1\" content=\"Dur\u00e9e de lecture est.\">\n\t<meta name=\"twitter:data1\" content=\"2 minutes\">\n<script type=\"application\/ld+json\" class=\"yoast-schema-graph\">{\"@context\":\"https:\/\/schema.org\",\"@graph\":[{\"@type\":\"WebSite\",\"@id\":\"https:\/\/autoglassclinic.be\/nl\/#website\",\"url\":\"https:\/\/autoglassclinic.be\/nl\/\",\"name\":\"Autoglass Clinic\",\"description\":\"\",\"potentialAction\":[{\"@type\":\"SearchAction\",\"target\":\"https:\/\/autoglassclinic.be\/nl\/?s={search_term_string}\",\"query-input\":\"required name=search_term_string\"}],\"inLanguage\":\"fr-FR\"},{\"@type\":\"WebPage\",\"@id\":\"https:\/\/autoglassclinic.be\/fr\/cookie-policy\/#webpage\",\"url\":\"https:\/\/autoglassclinic.be\/fr\/cookie-policy\/\",\"name\":\"Politique Cookies | Autoglass Clinic\",\"isPartOf\":{\"@id\":\"https:\/\/autoglassclinic.be\/nl\/#website\"},\"datePublished\":\"2023-07-28T09:00:05+00:00\",\"dateModified\":\"2023-11-10T12:28:28+00:00\",\"breadcrumb\":{\"@id\":\"https:\/\/autoglassclinic.be\/fr\/cookie-policy\/#breadcrumb\"},\"inLanguage\":\"fr-FR\",\"potentialAction\":[{\"@type\":\"ReadAction\",\"target\":[\"https:\/\/autoglassclinic.be\/fr\/cookie-policy\/\"]}]},{\"@type\":\"BreadcrumbList\",\"@id\":\"https:\/\/autoglassclinic.be\/fr\/cookie-policy\/#breadcrumb\",\"itemListElement\":[{\"@type\":\"ListItem\",\"position\":1,\"item\":{\"@type\":\"WebPage\",\"@id\":\"https:\/\/autoglassclinic.be\/fr\/\",\"url\":\"https:\/\/autoglassclinic.be\/fr\/\",\"name\":\"Accueil\"}},{\"@type\":\"ListItem\",\"position\":2,\"item\":{\"@type\":\"WebPage\",\"@id\":\"https:\/\/autoglassclinic.be\/fr\/cookie-policy\/\",\"url\":\"https:\/\/autoglassclinic.be\/fr\/cookie-policy\/\",\"name\":\"Politique Cookies\"}}]}]}<\/script>\n<!-- \/ Yoast SEO plugin. -->","_links":{"self":[{"href":"https:\/\/autoglassclinic.be\/fr\/wp-json\/wp\/v2\/pages\/20332"}],"collection":[{"href":"https:\/\/autoglassclinic.be\/fr\/wp-json\/wp\/v2\/pages"}],"about":[{"href":"https:\/\/autoglassclinic.be\/fr\/wp-json\/wp\/v2\/types\/page"}],"author":[{"embeddable":true,"href":"https:\/\/autoglassclinic.be\/fr\/wp-json\/wp\/v2\/users\/1"}],"replies":[{"embeddable":true,"href":"https:\/\/autoglassclinic.be\/fr\/wp-json\/wp\/v2\/comments?post=20332"}],"version-history":[{"count":4,"href":"https:\/\/autoglassclinic.be\/fr\/wp-json\/wp\/v2\/pages\/20332\/revisions"}],"predecessor-version":[{"id":21858,"href":"https:\/\/autoglassclinic.be\/fr\/wp-json\/wp\/v2\/pages\/20332\/revisions\/21858"}],"wp:attachment":[{"href":"https:\/\/autoglassclinic.be\/fr\/wp-json\/wp\/v2\/media?parent=20332"}],"curies":[{"name":"wp","href":"https:\/\/api.w.org\/{rel}","templated":true}]}}