{"id":32,"date":"2021-01-05T12:17:02","date_gmt":"2021-01-05T11:17:02","guid":{"rendered":"http:\/\/local.mvstud.io\/?page_id=32"},"modified":"2025-11-20T14:25:19","modified_gmt":"2025-11-20T13:25:19","slug":"notre-offre","status":"publish","type":"page","link":"https:\/\/autoglassclinic.be\/fr\/notre-offre\/","title":{"rendered":"Notre offre"},"content":{"rendered":"","protected":false},"excerpt":{"rendered":"","protected":false},"author":1,"featured_media":0,"parent":0,"menu_order":0,"comment_status":"closed","ping_status":"closed","template":"page-templates\/offer.php","meta":{"_acf_changed":false,"footnotes":""},"acf":[],"yoast_head":"<!-- This site is optimized with the Yoast SEO plugin v16.0.2 - https:\/\/yoast.com\/wordpress\/plugins\/seo\/ -->\n<title>Autoglass Clinic | D\u00e9couvrez notre offre<\/title>\n<meta name=\"description\" content=\"Adressez-vous \u00e0 nous pour toute r\u00e9paration ou tout remplacement de vitrage, avec le meilleur prix garanti. Assur\u00e9, nous nous chargeons de tout avec votre assureur.\" \/>\n<link rel=\"canonical\" href=\"https:\/\/autoglassclinic.be\/fr\/notre-offre\/\" \/>\n<meta property=\"og:locale\" content=\"fr_FR\" \/>\n<meta property=\"og:type\" content=\"article\" \/>\n<meta property=\"og:title\" content=\"Autoglass Clinic | D\u00e9couvrez notre offre\" \/>\n<meta property=\"og:description\" content=\"Adressez-vous \u00e0 nous pour toute r\u00e9paration ou tout remplacement de vitrage, avec le meilleur prix garanti. Assur\u00e9, nous nous chargeons de tout avec votre assureur.\" \/>\n<meta property=\"og:url\" content=\"https:\/\/autoglassclinic.be\/fr\/notre-offre\/\" \/>\n<meta property=\"og:site_name\" content=\"Autoglass Clinic\" \/>\n<meta property=\"article:modified_time\" content=\"2025-11-20T13:25:19+00:00\" \/>\n<meta name=\"twitter:card\" content=\"summary_large_image\" \/>\n<script type=\"application\/ld+json\" class=\"yoast-schema-graph\">{\"@context\":\"https:\/\/schema.org\",\"@graph\":[{\"@type\":\"WebSite\",\"@id\":\"https:\/\/autoglassclinic.be\/nl\/#website\",\"url\":\"https:\/\/autoglassclinic.be\/nl\/\",\"name\":\"Autoglass Clinic\",\"description\":\"\",\"potentialAction\":[{\"@type\":\"SearchAction\",\"target\":\"https:\/\/autoglassclinic.be\/nl\/?s={search_term_string}\",\"query-input\":\"required name=search_term_string\"}],\"inLanguage\":\"fr-FR\"},{\"@type\":\"WebPage\",\"@id\":\"https:\/\/autoglassclinic.be\/fr\/notre-offre\/#webpage\",\"url\":\"https:\/\/autoglassclinic.be\/fr\/notre-offre\/\",\"name\":\"Autoglass Clinic | D\\u00e9couvrez notre offre\",\"isPartOf\":{\"@id\":\"https:\/\/autoglassclinic.be\/nl\/#website\"},\"datePublished\":\"2021-01-05T11:17:02+00:00\",\"dateModified\":\"2025-11-20T13:25:19+00:00\",\"description\":\"Adressez-vous \\u00e0 nous pour toute r\\u00e9paration ou tout remplacement de vitrage, avec le meilleur prix garanti. Assur\\u00e9, nous nous chargeons de tout avec votre assureur.\",\"breadcrumb\":{\"@id\":\"https:\/\/autoglassclinic.be\/fr\/notre-offre\/#breadcrumb\"},\"inLanguage\":\"fr-FR\",\"potentialAction\":[{\"@type\":\"ReadAction\",\"target\":[\"https:\/\/autoglassclinic.be\/fr\/notre-offre\/\"]}]},{\"@type\":\"BreadcrumbList\",\"@id\":\"https:\/\/autoglassclinic.be\/fr\/notre-offre\/#breadcrumb\",\"itemListElement\":[{\"@type\":\"ListItem\",\"position\":1,\"item\":{\"@type\":\"WebPage\",\"@id\":\"https:\/\/autoglassclinic.be\/fr\/\",\"url\":\"https:\/\/autoglassclinic.be\/fr\/\",\"name\":\"Accueil\"}},{\"@type\":\"ListItem\",\"position\":2,\"item\":{\"@type\":\"WebPage\",\"@id\":\"https:\/\/autoglassclinic.be\/fr\/notre-offre\/\",\"url\":\"https:\/\/autoglassclinic.be\/fr\/notre-offre\/\",\"name\":\"Notre offre\"}}]}]}<\/script>\n<!-- \/ Yoast SEO plugin. -->","_links":{"self":[{"href":"https:\/\/autoglassclinic.be\/fr\/wp-json\/wp\/v2\/pages\/32"}],"collection":[{"href":"https:\/\/autoglassclinic.be\/fr\/wp-json\/wp\/v2\/pages"}],"about":[{"href":"https:\/\/autoglassclinic.be\/fr\/wp-json\/wp\/v2\/types\/page"}],"author":[{"embeddable":true,"href":"https:\/\/autoglassclinic.be\/fr\/wp-json\/wp\/v2\/users\/1"}],"replies":[{"embeddable":true,"href":"https:\/\/autoglassclinic.be\/fr\/wp-json\/wp\/v2\/comments?post=32"}],"version-history":[{"count":44,"href":"https:\/\/autoglassclinic.be\/fr\/wp-json\/wp\/v2\/pages\/32\/revisions"}],"predecessor-version":[{"id":66978,"href":"https:\/\/autoglassclinic.be\/fr\/wp-json\/wp\/v2\/pages\/32\/revisions\/66978"}],"wp:attachment":[{"href":"https:\/\/autoglassclinic.be\/fr\/wp-json\/wp\/v2\/media?parent=32"}],"curies":[{"name":"wp","href":"https:\/\/api.w.org\/{rel}","templated":true}]}}