{"id":3643,"date":"2022-04-06T09:55:03","date_gmt":"2022-04-06T07:55:03","guid":{"rendered":"https:\/\/www.touringglass.be\/?page_id=3643"},"modified":"2023-10-27T14:21:06","modified_gmt":"2023-10-27T12:21:06","slug":"jobs","status":"publish","type":"page","link":"https:\/\/autoglassclinic.be\/fr\/jobs\/","title":{"rendered":"Nos jobs"},"content":{"rendered":"","protected":false},"excerpt":{"rendered":"","protected":false},"author":1,"featured_media":0,"parent":0,"menu_order":0,"comment_status":"closed","ping_status":"closed","template":"page-templates\/jobs.php","meta":{"_acf_changed":false,"footnotes":""},"acf":[],"yoast_head":"<!-- This site is optimized with the Yoast SEO plugin v16.0.2 - https:\/\/yoast.com\/wordpress\/plugins\/seo\/ -->\n<title>Travaillez chez Touring Glass ? D\u00e9couvrez nos offres d&#039;emploi!<\/title>\n<meta name=\"description\" content=\"Nous sommes toujours \u00e0 la recherche de collaborateurs motiv\u00e9s. Int\u00e9ress\u00e9 ? Alors prenez contact avec nous rapidement\" \/>\n<link rel=\"canonical\" href=\"https:\/\/autoglassclinic.be\/fr\/jobs\/\" \/>\n<meta property=\"og:locale\" content=\"fr_FR\" \/>\n<meta property=\"og:type\" content=\"article\" \/>\n<meta property=\"og:title\" content=\"Travaillez chez Touring Glass ? D\u00e9couvrez nos offres d&#039;emploi!\" \/>\n<meta property=\"og:description\" content=\"Nous sommes toujours \u00e0 la recherche de collaborateurs motiv\u00e9s. Int\u00e9ress\u00e9 ? Alors prenez contact avec nous rapidement\" \/>\n<meta property=\"og:url\" content=\"https:\/\/autoglassclinic.be\/fr\/jobs\/\" \/>\n<meta property=\"og:site_name\" content=\"Autoglass Clinic\" \/>\n<meta property=\"article:modified_time\" content=\"2023-10-27T12:21:06+00:00\" \/>\n<meta name=\"twitter:card\" content=\"summary_large_image\" \/>\n<script type=\"application\/ld+json\" class=\"yoast-schema-graph\">{\"@context\":\"https:\/\/schema.org\",\"@graph\":[{\"@type\":\"WebSite\",\"@id\":\"https:\/\/autoglassclinic.be\/nl\/#website\",\"url\":\"https:\/\/autoglassclinic.be\/nl\/\",\"name\":\"Autoglass Clinic\",\"description\":\"\",\"potentialAction\":[{\"@type\":\"SearchAction\",\"target\":\"https:\/\/autoglassclinic.be\/nl\/?s={search_term_string}\",\"query-input\":\"required name=search_term_string\"}],\"inLanguage\":\"fr-FR\"},{\"@type\":\"WebPage\",\"@id\":\"https:\/\/autoglassclinic.be\/fr\/jobs\/#webpage\",\"url\":\"https:\/\/autoglassclinic.be\/fr\/jobs\/\",\"name\":\"Travaillez chez Touring Glass ? D\\u00e9couvrez nos offres d'emploi!\",\"isPartOf\":{\"@id\":\"https:\/\/autoglassclinic.be\/nl\/#website\"},\"datePublished\":\"2022-04-06T07:55:03+00:00\",\"dateModified\":\"2023-10-27T12:21:06+00:00\",\"description\":\"Nous sommes toujours \\u00e0 la recherche de collaborateurs motiv\\u00e9s. Int\\u00e9ress\\u00e9 ? Alors prenez contact avec nous rapidement\",\"breadcrumb\":{\"@id\":\"https:\/\/autoglassclinic.be\/fr\/jobs\/#breadcrumb\"},\"inLanguage\":\"fr-FR\",\"potentialAction\":[{\"@type\":\"ReadAction\",\"target\":[\"https:\/\/autoglassclinic.be\/fr\/jobs\/\"]}]},{\"@type\":\"BreadcrumbList\",\"@id\":\"https:\/\/autoglassclinic.be\/fr\/jobs\/#breadcrumb\",\"itemListElement\":[{\"@type\":\"ListItem\",\"position\":1,\"item\":{\"@type\":\"WebPage\",\"@id\":\"https:\/\/autoglassclinic.be\/fr\/\",\"url\":\"https:\/\/autoglassclinic.be\/fr\/\",\"name\":\"Accueil\"}},{\"@type\":\"ListItem\",\"position\":2,\"item\":{\"@type\":\"WebPage\",\"@id\":\"https:\/\/autoglassclinic.be\/fr\/jobs\/\",\"url\":\"https:\/\/autoglassclinic.be\/fr\/jobs\/\",\"name\":\"Nos jobs\"}}]}]}<\/script>\n<!-- \/ Yoast SEO plugin. -->","_links":{"self":[{"href":"https:\/\/autoglassclinic.be\/fr\/wp-json\/wp\/v2\/pages\/3643"}],"collection":[{"href":"https:\/\/autoglassclinic.be\/fr\/wp-json\/wp\/v2\/pages"}],"about":[{"href":"https:\/\/autoglassclinic.be\/fr\/wp-json\/wp\/v2\/types\/page"}],"author":[{"embeddable":true,"href":"https:\/\/autoglassclinic.be\/fr\/wp-json\/wp\/v2\/users\/1"}],"replies":[{"embeddable":true,"href":"https:\/\/autoglassclinic.be\/fr\/wp-json\/wp\/v2\/comments?post=3643"}],"version-history":[{"count":8,"href":"https:\/\/autoglassclinic.be\/fr\/wp-json\/wp\/v2\/pages\/3643\/revisions"}],"predecessor-version":[{"id":22586,"href":"https:\/\/autoglassclinic.be\/fr\/wp-json\/wp\/v2\/pages\/3643\/revisions\/22586"}],"wp:attachment":[{"href":"https:\/\/autoglassclinic.be\/fr\/wp-json\/wp\/v2\/media?parent=3643"}],"curies":[{"name":"wp","href":"https:\/\/api.w.org\/{rel}","templated":true}]}}