{"id":95,"date":"2021-01-08T11:04:53","date_gmt":"2021-01-08T10:04:53","guid":{"rendered":"http:\/\/local.mvstud.io\/?page_id=95"},"modified":"2025-08-04T15:33:32","modified_gmt":"2025-08-04T13:33:32","slug":"prise-de-rendez-vous","status":"publish","type":"page","link":"https:\/\/autoglassclinic.be\/fr\/prise-de-rendez-vous\/","title":{"rendered":"Prise de rendez-vous"},"content":{"rendered":"","protected":false},"excerpt":{"rendered":"","protected":false},"author":1,"featured_media":0,"parent":0,"menu_order":0,"comment_status":"closed","ping_status":"closed","template":"page-templates\/funnel.php","meta":{"_acf_changed":false,"footnotes":""},"acf":[],"yoast_head":"<!-- This site is optimized with the Yoast SEO plugin v16.0.2 - https:\/\/yoast.com\/wordpress\/plugins\/seo\/ -->\n<title>Autoglass Clinic | Prenez rendez-vous avec Autoglass Clinic en 5 minutes !<\/title>\n<meta name=\"description\" content=\"Un \u00e9clat ou une fissure ? Autoglass Clinic r\u00e9pare ou remplace toutes vos vitres de voiture. Prenez rendez-vous en ligne en quelques clics ! Fen\u00eatre endommag\u00e9e ? Prenez rendez-vous en ligne dans un centre de service pr\u00e8s de chez vous. Nous pouvons \u00e9galement nous rendre chez vous pour une intervention mobile.\" \/>\n<link rel=\"canonical\" href=\"https:\/\/autoglassclinic.be\/fr\/prise-de-rendez-vous\/\" \/>\n<meta property=\"og:locale\" content=\"fr_FR\" \/>\n<meta property=\"og:type\" content=\"article\" \/>\n<meta property=\"og:title\" content=\"Autoglass Clinic | Prenez rendez-vous avec Autoglass Clinic en 5 minutes !\" \/>\n<meta property=\"og:description\" content=\"Un \u00e9clat ou une fissure ? Autoglass Clinic r\u00e9pare ou remplace toutes vos vitres de voiture. Prenez rendez-vous en ligne en quelques clics ! Fen\u00eatre endommag\u00e9e ? Prenez rendez-vous en ligne dans un centre de service pr\u00e8s de chez vous. Nous pouvons \u00e9galement nous rendre chez vous pour une intervention mobile.\" \/>\n<meta property=\"og:url\" content=\"https:\/\/autoglassclinic.be\/fr\/prise-de-rendez-vous\/\" \/>\n<meta property=\"og:site_name\" content=\"Autoglass Clinic\" \/>\n<meta property=\"article:modified_time\" content=\"2025-08-04T13:33:32+00:00\" \/>\n<meta name=\"twitter:card\" content=\"summary_large_image\" \/>\n<script type=\"application\/ld+json\" class=\"yoast-schema-graph\">{\"@context\":\"https:\/\/schema.org\",\"@graph\":[{\"@type\":\"WebSite\",\"@id\":\"https:\/\/autoglassclinic.be\/nl\/#website\",\"url\":\"https:\/\/autoglassclinic.be\/nl\/\",\"name\":\"Autoglass Clinic\",\"description\":\"\",\"potentialAction\":[{\"@type\":\"SearchAction\",\"target\":\"https:\/\/autoglassclinic.be\/nl\/?s={search_term_string}\",\"query-input\":\"required name=search_term_string\"}],\"inLanguage\":\"fr-FR\"},{\"@type\":\"WebPage\",\"@id\":\"https:\/\/autoglassclinic.be\/fr\/prise-de-rendez-vous\/#webpage\",\"url\":\"https:\/\/autoglassclinic.be\/fr\/prise-de-rendez-vous\/\",\"name\":\"Autoglass Clinic | Prenez rendez-vous avec Autoglass Clinic en 5 minutes !\",\"isPartOf\":{\"@id\":\"https:\/\/autoglassclinic.be\/nl\/#website\"},\"datePublished\":\"2021-01-08T10:04:53+00:00\",\"dateModified\":\"2025-08-04T13:33:32+00:00\",\"description\":\"Un \\u00e9clat ou une fissure ? Autoglass Clinic r\\u00e9pare ou remplace toutes vos vitres de voiture. Prenez rendez-vous en ligne en quelques clics ! Fen\\u00eatre endommag\\u00e9e ? Prenez rendez-vous en ligne dans un centre de service pr\\u00e8s de chez vous. Nous pouvons \\u00e9galement nous rendre chez vous pour une intervention mobile.\",\"breadcrumb\":{\"@id\":\"https:\/\/autoglassclinic.be\/fr\/prise-de-rendez-vous\/#breadcrumb\"},\"inLanguage\":\"fr-FR\",\"potentialAction\":[{\"@type\":\"ReadAction\",\"target\":[\"https:\/\/autoglassclinic.be\/fr\/prise-de-rendez-vous\/\"]}]},{\"@type\":\"BreadcrumbList\",\"@id\":\"https:\/\/autoglassclinic.be\/fr\/prise-de-rendez-vous\/#breadcrumb\",\"itemListElement\":[{\"@type\":\"ListItem\",\"position\":1,\"item\":{\"@type\":\"WebPage\",\"@id\":\"https:\/\/autoglassclinic.be\/fr\/\",\"url\":\"https:\/\/autoglassclinic.be\/fr\/\",\"name\":\"Accueil\"}},{\"@type\":\"ListItem\",\"position\":2,\"item\":{\"@type\":\"WebPage\",\"@id\":\"https:\/\/autoglassclinic.be\/fr\/prise-de-rendez-vous\/\",\"url\":\"https:\/\/autoglassclinic.be\/fr\/prise-de-rendez-vous\/\",\"name\":\"Prise de rendez-vous\"}}]}]}<\/script>\n<!-- \/ Yoast SEO plugin. -->","_links":{"self":[{"href":"https:\/\/autoglassclinic.be\/fr\/wp-json\/wp\/v2\/pages\/95"}],"collection":[{"href":"https:\/\/autoglassclinic.be\/fr\/wp-json\/wp\/v2\/pages"}],"about":[{"href":"https:\/\/autoglassclinic.be\/fr\/wp-json\/wp\/v2\/types\/page"}],"author":[{"embeddable":true,"href":"https:\/\/autoglassclinic.be\/fr\/wp-json\/wp\/v2\/users\/1"}],"replies":[{"embeddable":true,"href":"https:\/\/autoglassclinic.be\/fr\/wp-json\/wp\/v2\/comments?post=95"}],"version-history":[{"count":33,"href":"https:\/\/autoglassclinic.be\/fr\/wp-json\/wp\/v2\/pages\/95\/revisions"}],"predecessor-version":[{"id":670,"href":"https:\/\/autoglassclinic.be\/fr\/wp-json\/wp\/v2\/pages\/95\/revisions\/670"}],"wp:attachment":[{"href":"https:\/\/autoglassclinic.be\/fr\/wp-json\/wp\/v2\/media?parent=95"}],"curies":[{"name":"wp","href":"https:\/\/api.w.org\/{rel}","templated":true}]}}